{"id":37,"date":"2022-05-12T04:34:00","date_gmt":"2022-05-12T02:34:00","guid":{"rendered":"http:\/\/galaxy.agh.edu.pl\/~kmiwimir\/?page_id=37"},"modified":"2023-01-04T21:13:10","modified_gmt":"2023-01-04T20:13:10","slug":"kontakt","status":"publish","type":"page","link":"https:\/\/kmiw.agh.edu.pl\/?page_id=37","title":{"rendered":"Kontakt"},"content":{"rendered":"\n<p>Akademia G\u00f3rniczo-Hutnicza im. Stanis\u0142awa Staszica w Krakowie<br>Wydzia\u0142 In\u017cynierii Mechanicznej i Robotyki<br>Katedra Mechaniki i Wibroakustyki<\/p>\n\n\n\n<figure class=\"wp-block-table is-style-stripes\"><table><tbody><tr><td>Kierownik Katedry:<br>dr hab. in\u017c. Tadeusz Wszo\u0142ek, prof. AGH<\/td><td>Zast\u0119pca Kierownika Katedry:&nbsp;<br>dr hab. in\u017c. Pawe\u0142 Pawlik, prof. AGH<\/td><\/tr><tr><td>Adres:<br>Katedra Mechaniki i Wibroakustyki<br>Al. Mickiewicza 30<br>30-059 Krak\u00f3w<br>Budynek D-1\u00a0<br><br>Tel.: +48(12)617-30-64<br>Fax: +48(12)633-23-14<br><br>Email: kmiw(at)agh.edu.pl<br><\/td><td>Sekretariat:&nbsp;<br><a href=\"https:\/\/kmiw.imir.agh.edu.pl\/pracownicy_wiecej.php?pracownik=bugaj@agh.edu.pl#bugaj@agh.edu.pl\"><\/a>Ma\u0142gorzata Bugaj<br><a href=\"https:\/\/kmiw.imir.agh.edu.pl\/pracownicy_wiecej.php?pracownik=jseitz@agh.edu.pl#jseitz@agh.edu.pl\"><\/a>Justyna Seitz<\/td><\/tr><\/tbody><\/table><\/figure>\n\n\n\n\n<p>&#8211;&gt;<\/p>\n\n\n<p><\/p>\n","protected":false},"excerpt":{"rendered":"<p>Akademia G\u00f3rniczo-Hutnicza im. Stanis\u0142awa Staszica w KrakowieWydzia\u0142 In\u017cynierii Mechanicznej i RobotykiKatedra Mechaniki i Wibroakustyki Kierownik Katedry:dr hab. in\u017c. Tadeusz Wszo\u0142ek, prof. AGH Zast\u0119pca Kierownika Katedry:&nbsp;dr hab. in\u017c. Pawe\u0142 Pawlik, prof. AGH Adres:Katedra Mechaniki i WibroakustykiAl. Mickiewicza 3030-059 Krak\u00f3wBudynek D-1\u00a0 Tel.: +48(12)617-30-64Fax: +48(12)633-23-14 Email: kmiw(at)agh.edu.pl Sekretariat:&nbsp;Ma\u0142gorzata BugajJustyna Seitz &#8211;&gt;<\/p>\n","protected":false},"author":1,"featured_media":0,"parent":0,"menu_order":0,"comment_status":"closed","ping_status":"closed","template":"","meta":{"footnotes":""},"class_list":["post-37","page","type-page","status-publish","hentry"],"acf":[],"_links":{"self":[{"href":"https:\/\/kmiw.agh.edu.pl\/index.php?rest_route=\/wp\/v2\/pages\/37","targetHints":{"allow":["GET"]}}],"collection":[{"href":"https:\/\/kmiw.agh.edu.pl\/index.php?rest_route=\/wp\/v2\/pages"}],"about":[{"href":"https:\/\/kmiw.agh.edu.pl\/index.php?rest_route=\/wp\/v2\/types\/page"}],"author":[{"embeddable":true,"href":"https:\/\/kmiw.agh.edu.pl\/index.php?rest_route=\/wp\/v2\/users\/1"}],"replies":[{"embeddable":true,"href":"https:\/\/kmiw.agh.edu.pl\/index.php?rest_route=%2Fwp%2Fv2%2Fcomments&post=37"}],"version-history":[{"count":11,"href":"https:\/\/kmiw.agh.edu.pl\/index.php?rest_route=\/wp\/v2\/pages\/37\/revisions"}],"predecessor-version":[{"id":991,"href":"https:\/\/kmiw.agh.edu.pl\/index.php?rest_route=\/wp\/v2\/pages\/37\/revisions\/991"}],"wp:attachment":[{"href":"https:\/\/kmiw.agh.edu.pl\/index.php?rest_route=%2Fwp%2Fv2%2Fmedia&parent=37"}],"curies":[{"name":"wp","href":"https:\/\/api.w.org\/{rel}","templated":true}]}}